{"id":102,"date":"2020-01-03T12:54:47","date_gmt":"2020-01-03T15:54:47","guid":{"rendered":"http:\/\/192.168.254.33\/?page_id=102"},"modified":"2020-02-10T08:20:41","modified_gmt":"2020-02-10T11:20:41","slug":"fluxo-de-processos","status":"publish","type":"page","link":"https:\/\/sistemas.mpal.mp.br\/portalged\/?page_id=102","title":{"rendered":"Fluxo de Processos"},"content":{"rendered":"\n<div class=\"wp-block-file\"><a href=\"https:\/\/sistemas.mpal.mp.br\/portalged\/wp-content\/uploads\/2020\/01\/PA01_-_Area-Meio_-_EGPA.png\">Procedimento para Aprova\u00e7\u00e3o de Processos de Atividades<\/a><a href=\"https:\/\/sistemas.mpal.mp.br\/portalged\/wp-content\/uploads\/2020\/01\/PA01_-_Area-Meio_-_EGPA.png\" class=\"wp-block-file__button\" download>Baixar<\/a><\/div>\n\n\n\n<div class=\"wp-block-file\"><a href=\"https:\/\/sistemas.mpal.mp.br\/portalged\/wp-content\/uploads\/2020\/01\/PA02_-_Area-Meio_-_EPE-1.png\">Procedimento para Aprova\u00e7\u00e3o de Projetos Estrat\u00e9gicos <\/a><a href=\"https:\/\/sistemas.mpal.mp.br\/portalged\/wp-content\/uploads\/2020\/01\/PA02_-_Area-Meio_-_EPE-1.png\" class=\"wp-block-file__button\" download>Baixar<\/a><\/div>\n\n\n\n<div class=\"wp-block-file\"><a href=\"https:\/\/sistemas.mpal.mp.br\/portalged\/wp-content\/uploads\/2020\/01\/PA03_-_Area-Meio_-_Solicitacoes_de_materiais_ao_Almoxarifado.png\">Solicita\u00e7\u00e3o de Materiais ao Almoxarifado <\/a><a href=\"https:\/\/sistemas.mpal.mp.br\/portalged\/wp-content\/uploads\/2020\/01\/PA03_-_Area-Meio_-_Solicitacoes_de_materiais_ao_Almoxarifado.png\" class=\"wp-block-file__button\" download>Baixar<\/a><\/div>\n\n\n\n<div class=\"wp-block-file\"><a href=\"https:\/\/sistemas.mpal.mp.br\/portalged\/wp-content\/uploads\/2020\/01\/PA04_-_Area-Meio_-_RAE.png\">Reuni\u00e3o de An\u00e1lise Estrat\u00e9gica (RAE) <\/a><a href=\"https:\/\/sistemas.mpal.mp.br\/portalged\/wp-content\/uploads\/2020\/01\/PA04_-_Area-Meio_-_RAE.png\" class=\"wp-block-file__button\" download>Baixar<\/a><\/div>\n\n\n\n<div class=\"wp-block-file\"><a href=\"https:\/\/sistemas.mpal.mp.br\/portalged\/wp-content\/uploads\/2020\/01\/PA05_-_Area-Meio_-_Requisicao_de_Transporte.png\">Requisi\u00e7\u00e3o de Transporte <\/a><a href=\"https:\/\/sistemas.mpal.mp.br\/portalged\/wp-content\/uploads\/2020\/01\/PA05_-_Area-Meio_-_Requisicao_de_Transporte.png\" class=\"wp-block-file__button\" download>Baixar<\/a><\/div>\n\n\n\n<div class=\"wp-block-file\"><a href=\"https:\/\/sistemas.mpal.mp.br\/portalged\/wp-content\/uploads\/2020\/01\/PA06_-_Area-Meio_-_Solicitacao_de_mudanca_de_periodo_de_ferias_V2.0.png\">Solicita\u00e7\u00e3o de Mudan\u00e7a de Per\u00edodo de F\u00e9rias <\/a><a href=\"https:\/\/sistemas.mpal.mp.br\/portalged\/wp-content\/uploads\/2020\/01\/PA06_-_Area-Meio_-_Solicitacao_de_mudanca_de_periodo_de_ferias_V2.0.png\" class=\"wp-block-file__button\" download>Baixar<\/a><\/div>\n\n\n\n<div class=\"wp-block-file\"><a href=\"https:\/\/sistemas.mpal.mp.br\/portalged\/wp-content\/uploads\/2020\/01\/PA07_-_Area-Meio_-_Requerimento_de_licenca_medica_V2.0.png\">Requerimento de Licen\u00e7a M\u00e9dica <\/a><a href=\"https:\/\/sistemas.mpal.mp.br\/portalged\/wp-content\/uploads\/2020\/01\/PA07_-_Area-Meio_-_Requerimento_de_licenca_medica_V2.0.png\" class=\"wp-block-file__button\" download>Baixar<\/a><\/div>\n\n\n\n<div class=\"wp-block-file\"><a href=\"https:\/\/sistemas.mpal.mp.br\/portalged\/wp-content\/uploads\/2020\/01\/PA08_-_Area-Meio_-_Pedido_de_exoneracao.png\">Pedido de Exonera\u00e7\u00e3o <\/a><a href=\"https:\/\/sistemas.mpal.mp.br\/portalged\/wp-content\/uploads\/2020\/01\/PA08_-_Area-Meio_-_Pedido_de_exoneracao.png\" class=\"wp-block-file__button\" download>Baixar<\/a><\/div>\n\n\n\n<div class=\"wp-block-file\"><a href=\"https:\/\/sistemas.mpal.mp.br\/portalged\/wp-content\/uploads\/2020\/01\/PA09_-_Area-Meio_-_Anotacoes_de_cursos_elogios_e_alteracao_de_dados_cadastrais_V2.0.png\">Anota\u00e7\u00e3o de Cursos, Elogios e Altera\u00e7\u00e3o de Dados Cadastrais <\/a><a href=\"https:\/\/sistemas.mpal.mp.br\/portalged\/wp-content\/uploads\/2020\/01\/PA09_-_Area-Meio_-_Anotacoes_de_cursos_elogios_e_alteracao_de_dados_cadastrais_V2.0.png\" class=\"wp-block-file__button\" download>Baixar<\/a><\/div>\n\n\n\n<div class=\"wp-block-file\"><a href=\"https:\/\/sistemas.mpal.mp.br\/portalged\/wp-content\/uploads\/2020\/01\/PA10_-_Area-Meio_-_Licenca_Especial_ou_licenca_premio_por_assiduidade_V2.0.png\">Processo de Licen\u00e7a Especial ou Licen\u00e7a Pr\u00eamio por Assiduidade <\/a><a href=\"https:\/\/sistemas.mpal.mp.br\/portalged\/wp-content\/uploads\/2020\/01\/PA10_-_Area-Meio_-_Licenca_Especial_ou_licenca_premio_por_assiduidade_V2.0.png\" class=\"wp-block-file__button\" download>Baixar<\/a><\/div>\n\n\n\n<div class=\"wp-block-file\"><a href=\"https:\/\/sistemas.mpal.mp.br\/portalged\/wp-content\/uploads\/2020\/01\/PA11_-_Area-Meio_-_Processo_Isencao_IRPF_V2.0.png\">Processo Isen\u00e7\u00e3o de Imposto de Renda <\/a><a href=\"https:\/\/sistemas.mpal.mp.br\/portalged\/wp-content\/uploads\/2020\/01\/PA11_-_Area-Meio_-_Processo_Isencao_IRPF_V2.0.png\" class=\"wp-block-file__button\" download>Baixar<\/a><\/div>\n\n\n\n<div class=\"wp-block-file\"><a href=\"https:\/\/sistemas.mpal.mp.br\/portalged\/wp-content\/uploads\/2020\/01\/PA12_-_Area-Meio_-_Abono_Permanencia_V2.0.png\">Abono Perman\u00eancia <\/a><a href=\"https:\/\/sistemas.mpal.mp.br\/portalged\/wp-content\/uploads\/2020\/01\/PA12_-_Area-Meio_-_Abono_Permanencia_V2.0.png\" class=\"wp-block-file__button\" download>Baixar<\/a><\/div>\n\n\n\n<div class=\"wp-block-file\"><a href=\"https:\/\/sistemas.mpal.mp.br\/portalged\/wp-content\/uploads\/2020\/01\/PA13_-_Area-Meio_-_Solicitacao_de_suprimento_de_fundos_Adiantamento-1.png\">Solicita\u00e7\u00e3o de Suprimento de Fundos <\/a><a href=\"https:\/\/sistemas.mpal.mp.br\/portalged\/wp-content\/uploads\/2020\/01\/PA13_-_Area-Meio_-_Solicitacao_de_suprimento_de_fundos_Adiantamento-1.png\" class=\"wp-block-file__button\" download>Baixar<\/a><\/div>\n\n\n\n<div class=\"wp-block-file\"><a href=\"https:\/\/sistemas.mpal.mp.br\/portalged\/wp-content\/uploads\/2020\/01\/PA14_-_Area-Meio_-_Pretacao_de_Contas_de_suprimento_de_fundos_Adiantamento.png\">Presta\u00e7\u00e3o de Contas de Suprimento de Fundos <\/a><a href=\"https:\/\/sistemas.mpal.mp.br\/portalged\/wp-content\/uploads\/2020\/01\/PA14_-_Area-Meio_-_Pretacao_de_Contas_de_suprimento_de_fundos_Adiantamento.png\" class=\"wp-block-file__button\" download>Baixar<\/a><\/div>\n\n\n\n<div class=\"wp-block-file\"><a href=\"https:\/\/sistemas.mpal.mp.br\/portalged\/wp-content\/uploads\/2020\/01\/PA16_-_Area-Meio_-_Averbacao_de_tempo_de_contribuicao_ou_servi\u00e7o_ferias_e_licenca_especial.png\">Averba\u00e7\u00e3o de Tempo de Contribui\u00e7\u00e3o ou Servi\u00e7o, F\u00e9rias e Licen\u00e7a Especial <\/a><a href=\"https:\/\/sistemas.mpal.mp.br\/portalged\/wp-content\/uploads\/2020\/01\/PA16_-_Area-Meio_-_Averbacao_de_tempo_de_contribuicao_ou_servi\u00e7o_ferias_e_licenca_especial.png\" class=\"wp-block-file__button\" download>Baixar<\/a><\/div>\n\n\n\n<div class=\"wp-block-file\"><a href=\"https:\/\/sistemas.mpal.mp.br\/portalged\/wp-content\/uploads\/2020\/01\/PA17_-_Area-Meio_-_Recepcao_de_correspondencia_Area_Fim_e_documentos.png\">Recebimento de Correspond\u00eancias e Documentos <\/a><a href=\"https:\/\/sistemas.mpal.mp.br\/portalged\/wp-content\/uploads\/2020\/01\/PA17_-_Area-Meio_-_Recepcao_de_correspondencia_Area_Fim_e_documentos.png\" class=\"wp-block-file__button\" download>Baixar<\/a><\/div>\n\n\n\n<div class=\"wp-block-file\"><a href=\"https:\/\/sistemas.mpal.mp.br\/portalged\/wp-content\/uploads\/2020\/01\/PA18_-_Area-Meio_-_Triagem_e_encaminhamento_de_documentos_da_Area_FimATO-PGJ-n.8-2017.png\">Triagem e Encaminhamento de Documentos da \u00c1rea Fim <\/a><a href=\"https:\/\/sistemas.mpal.mp.br\/portalged\/wp-content\/uploads\/2020\/01\/PA18_-_Area-Meio_-_Triagem_e_encaminhamento_de_documentos_da_Area_FimATO-PGJ-n.8-2017.png\" class=\"wp-block-file__button\" download>Baixar<\/a><\/div>\n\n\n\n<div class=\"wp-block-file\"><a href=\"https:\/\/sistemas.mpal.mp.br\/portalged\/wp-content\/uploads\/2020\/01\/PA19_-_Area-Meio_-_Solicitacao_de_Diarias.png\">Solicita\u00e7\u00e3o de Di\u00e1rias<\/a><a href=\"https:\/\/sistemas.mpal.mp.br\/portalged\/wp-content\/uploads\/2020\/01\/PA19_-_Area-Meio_-_Solicitacao_de_Diarias.png\" class=\"wp-block-file__button\" download>Baixar<\/a><\/div>\n\n\n\n<div class=\"wp-block-file\"><a href=\"https:\/\/sistemas.mpal.mp.br\/portalged\/wp-content\/uploads\/2020\/01\/PA26_-_Area-Meio_-_Contratacao_dede_pequeno_valor_Lei_8666.png\">Contrata\u00e7\u00e3o de Pequeno Valor (Lei n. 8666)<\/a><a href=\"https:\/\/sistemas.mpal.mp.br\/portalged\/wp-content\/uploads\/2020\/01\/PA26_-_Area-Meio_-_Contratacao_dede_pequeno_valor_Lei_8666.png\" class=\"wp-block-file__button\" download>Baixar<\/a><\/div>\n\n\n\n<div class=\"wp-block-file\"><a href=\"https:\/\/sistemas.mpal.mp.br\/portalged\/wp-content\/uploads\/2020\/01\/PA27_-_Area-Meio_-_Solicitacao_manutencao_de_condicionadores_de_ar.png\">Solicita\u00e7\u00e3o de Manuten\u00e7\u00e3o de Condicionadores de Ar<\/a><a href=\"https:\/\/sistemas.mpal.mp.br\/portalged\/wp-content\/uploads\/2020\/01\/PA27_-_Area-Meio_-_Solicitacao_manutencao_de_condicionadores_de_ar.png\" class=\"wp-block-file__button\" download>Baixar<\/a><\/div>\n\n\n\n<div class=\"wp-block-file\"><a href=\"https:\/\/sistemas.mpal.mp.br\/portalged\/wp-content\/uploads\/2020\/01\/PA28_-_Area-Meio_-_Contratacao_de_servicos_e_compras_de_qualquer_natureza.png\">Contrata\u00e7\u00e3o de Servi\u00e7os e Compras de Qualquer Natureza<\/a><a href=\"https:\/\/sistemas.mpal.mp.br\/portalged\/wp-content\/uploads\/2020\/01\/PA28_-_Area-Meio_-_Contratacao_de_servicos_e_compras_de_qualquer_natureza.png\" class=\"wp-block-file__button\" download>Baixar<\/a><\/div>\n\n\n\n<div class=\"wp-block-file\"><a href=\"https:\/\/sistemas.mpal.mp.br\/portalged\/wp-content\/uploads\/2020\/01\/PA30_-_Area-Meio_-_Solicitacao_de_certidoes.png\">Solicita\u00e7\u00e3o de Certid\u00f5es<\/a><a href=\"https:\/\/sistemas.mpal.mp.br\/portalged\/wp-content\/uploads\/2020\/01\/PA30_-_Area-Meio_-_Solicitacao_de_certidoes.png\" class=\"wp-block-file__button\" download>Baixar<\/a><\/div>\n\n\n\n<div class=\"wp-block-file\"><a href=\"https:\/\/sistemas.mpal.mp.br\/portalged\/wp-content\/uploads\/2020\/01\/PA31_-_Area-Meio_-_Formalizacao_de_Convenio.png\">Formaliza\u00e7\u00e3o de Conv\u00eanio<\/a><a href=\"https:\/\/sistemas.mpal.mp.br\/portalged\/wp-content\/uploads\/2020\/01\/PA31_-_Area-Meio_-_Formalizacao_de_Convenio.png\" class=\"wp-block-file__button\" download>Baixar<\/a><\/div>\n\n\n\n<div class=\"wp-block-file\"><a href=\"https:\/\/sistemas.mpal.mp.br\/portalged\/wp-content\/uploads\/2020\/01\/PA32_-_Area-Meio_-_Formalizacao_de_acordo_de_Cooperacao_Tecnica.png\">Formaliza\u00e7\u00e3o de Acordo de Coopera\u00e7\u00e3o T\u00e9cnica<\/a><a href=\"https:\/\/sistemas.mpal.mp.br\/portalged\/wp-content\/uploads\/2020\/01\/PA32_-_Area-Meio_-_Formalizacao_de_acordo_de_Cooperacao_Tecnica.png\" class=\"wp-block-file__button\" download>Baixar<\/a><\/div>\n\n\n\n<div class=\"wp-block-file\"><a href=\"https:\/\/sistemas.mpal.mp.br\/portalged\/wp-content\/uploads\/2020\/01\/PA33_-_Area-Meio_-_Manutencao_Veicular_corretiva_e_ou_Preventiva_V2.0.png\">Manuten\u00e7\u00e3o Veicular Corretiva e\/ou Preventiva<\/a><a href=\"https:\/\/sistemas.mpal.mp.br\/portalged\/wp-content\/uploads\/2020\/01\/PA33_-_Area-Meio_-_Manutencao_Veicular_corretiva_e_ou_Preventiva_V2.0.png\" class=\"wp-block-file__button\" download>Baixar<\/a><\/div>\n\n\n\n<div class=\"wp-block-file\"><a href=\"https:\/\/sistemas.mpal.mp.br\/portalged\/wp-content\/uploads\/2020\/01\/PA34_-_Area-Meio_-__Acompanhamento_de_Infracoes_de_Transito.png\">Acompanhamento de Infra\u00e7\u00f5es de Tr\u00e2nsito<\/a><a href=\"https:\/\/sistemas.mpal.mp.br\/portalged\/wp-content\/uploads\/2020\/01\/PA34_-_Area-Meio_-__Acompanhamento_de_Infracoes_de_Transito.png\" class=\"wp-block-file__button\" download>Baixar<\/a><\/div>\n\n\n\n<div class=\"wp-block-file\"><a href=\"https:\/\/sistemas.mpal.mp.br\/portalged\/wp-content\/uploads\/2020\/01\/PA35_-_Area-Meio_-_Publicacao_aviso_em_jornal.png\">Publica\u00e7\u00e3o de Aviso em Jornal<\/a><a href=\"https:\/\/sistemas.mpal.mp.br\/portalged\/wp-content\/uploads\/2020\/01\/PA35_-_Area-Meio_-_Publicacao_aviso_em_jornal.png\" class=\"wp-block-file__button\" download>Baixar<\/a><\/div>\n\n\n\n<div class=\"wp-block-file\"><a href=\"https:\/\/sistemas.mpal.mp.br\/portalged\/wp-content\/uploads\/2020\/01\/PA36_-_Area-Meio_-_Contratacao_de_utilizacao_ARP_Propria.png\">Contrata\u00e7\u00e3o de Utiliza\u00e7\u00e3o de ARP Pr\u00f3pria<\/a><a href=\"https:\/\/sistemas.mpal.mp.br\/portalged\/wp-content\/uploads\/2020\/01\/PA36_-_Area-Meio_-_Contratacao_de_utilizacao_ARP_Propria.png\" class=\"wp-block-file__button\" download>Baixar<\/a><\/div>\n\n\n\n<div class=\"wp-block-file\"><a href=\"https:\/\/sistemas.mpal.mp.br\/portalged\/wp-content\/uploads\/2020\/01\/PA37_-_Area-Meio_-_Contratacao_Adesao_ATA_Terceiros.png\">Contrata\u00e7\u00e3o de Ades\u00e3o de Ata de Terceiros<\/a><a href=\"https:\/\/sistemas.mpal.mp.br\/portalged\/wp-content\/uploads\/2020\/01\/PA37_-_Area-Meio_-_Contratacao_Adesao_ATA_Terceiros.png\" class=\"wp-block-file__button\" download>Baixar<\/a><\/div>\n\n\n\n<div class=\"wp-block-file\"><a href=\"https:\/\/sistemas.mpal.mp.br\/portalged\/wp-content\/uploads\/2020\/01\/PA38_-_Area-Meio_-_Licenciamento_Anual.png\">Licenciamento Anual<\/a><a href=\"https:\/\/sistemas.mpal.mp.br\/portalged\/wp-content\/uploads\/2020\/01\/PA38_-_Area-Meio_-_Licenciamento_Anual.png\" class=\"wp-block-file__button\" download>Baixar<\/a><\/div>\n","protected":false},"excerpt":{"rendered":"","protected":false},"author":6,"featured_media":0,"parent":0,"menu_order":0,"comment_status":"closed","ping_status":"closed","template":"","meta":[],"_links":{"self":[{"href":"https:\/\/sistemas.mpal.mp.br\/portalged\/index.php?rest_route=\/wp\/v2\/pages\/102"}],"collection":[{"href":"https:\/\/sistemas.mpal.mp.br\/portalged\/index.php?rest_route=\/wp\/v2\/pages"}],"about":[{"href":"https:\/\/sistemas.mpal.mp.br\/portalged\/index.php?rest_route=\/wp\/v2\/types\/page"}],"author":[{"embeddable":true,"href":"https:\/\/sistemas.mpal.mp.br\/portalged\/index.php?rest_route=\/wp\/v2\/users\/6"}],"replies":[{"embeddable":true,"href":"https:\/\/sistemas.mpal.mp.br\/portalged\/index.php?rest_route=%2Fwp%2Fv2%2Fcomments&post=102"}],"version-history":[{"count":20,"href":"https:\/\/sistemas.mpal.mp.br\/portalged\/index.php?rest_route=\/wp\/v2\/pages\/102\/revisions"}],"predecessor-version":[{"id":240,"href":"https:\/\/sistemas.mpal.mp.br\/portalged\/index.php?rest_route=\/wp\/v2\/pages\/102\/revisions\/240"}],"wp:attachment":[{"href":"https:\/\/sistemas.mpal.mp.br\/portalged\/index.php?rest_route=%2Fwp%2Fv2%2Fmedia&parent=102"}],"curies":[{"name":"wp","href":"https:\/\/api.w.org\/{rel}","templated":true}]}}