{"id":351,"date":"2022-03-30T08:26:28","date_gmt":"2022-03-30T11:26:28","guid":{"rendered":"https:\/\/sistemas.mpal.mp.br\/planejamento\/?page_id=351"},"modified":"2022-04-05T08:25:53","modified_gmt":"2022-04-05T11:25:53","slug":"consulta-a-sociedade","status":"publish","type":"page","link":"https:\/\/sistemas.mpal.mp.br\/planejamento\/?page_id=351","title":{"rendered":"Consulta \u00e0 sociedade"},"content":{"rendered":"\n<p>O Minist\u00e9rio P\u00fablico do Estado de Alagoas j\u00e1 tem o seu Plano Geral de Atua\u00e7\u00e3o (PGA) e para constru\u00ed-lo, resolveu ouvir a popula\u00e7\u00e3o, de modo que cada cidad\u00e3o pudesse sugerir quais seriam as demandas sociais mais importantes e que precisavam de maior interven\u00e7\u00e3o dos promotores e procuradores de Justi\u00e7a. E ser\u00e1 com base no que escolheu a sociedade para o PGA que o MPAL tamb\u00e9m far\u00e1 o seu Planejamento Estrat\u00e9gico para o per\u00edodo compreendido entre os anos 2023 e 2029. <\/p>\n\n\n\n<p>Com base nos encontros que foram realizados em tr\u00eas cidades, Macei\u00f3, Arapiraca e Santana do Ipanema, as audi\u00eancias p\u00fablicas, que tiveram o objetivo de subsidiar e dar legitimidade ao plano, escolheram temas importantes que precisam ser melhor explorados por membros e servidores, a exemplo do combate \u00e0 corrup\u00e7\u00e3o, garantia de sa\u00fade e educa\u00e7\u00e3o, prote\u00e7\u00e3o aos direitos humanos e ao meio ambiente. E eles ser\u00e3o alguns dos eixos tem\u00e1ticos que servir\u00e3o para a constru\u00e7\u00e3o do novo plano estrat\u00e9gico do Minist\u00e9rio P\u00fablico. <\/p>\n\n\n\n<p><a style=\"display: flex; align-items:center; gap: 5px\" href=\"https:\/\/sistemas.mpal.mp.br\/downloads\/Resultados.pdf\" target=\"_blank\" rel=\"noopener noreferrer\"><img decoding=\"async\" src=\"https:\/\/sistemas.mpal.mp.br\/planejamento\/wp-content\/uploads\/2022\/04\/icons8-baixar-96.png\" width=\"36px\"><span>Compila\u00e7\u00e3o dos resultados das consultas p\u00fablicas<\/span><\/a><\/p>\n\n\n\n<div style=\"height:40px\" aria-hidden=\"true\" class=\"wp-block-spacer\"><\/div>\n\n\n\n<div style=\"display:flex;  flex-wrap: wrap; align-items: center; width:100%; gap:10px;justify-content: center\">\n<div style=\"display:flex; flex-direction:column; gap:5px; width: 250px;font-size: 14px; text-align: center\">\n<a href=\"https:\/\/www.mpal.mp.br\/pga-em-arapiraca-saude-educacao-e-combate-a-corrupcao-foram-os-temas-considerados-prioridades-durante-audiencia-publica\/\"><img decoding=\"async\" src=\"https:\/\/sistemas.mpal.mp.br\/planejamento\/wp-content\/uploads\/2022\/04\/audi\u00eancia_asplage_arapiraca_01-2.jpg\" width=\"248px\">PGA em Arapiraca: sa\u00fade, educa\u00e7\u00e3o e combate \u00e0 corrup\u00e7\u00e3o foram os temas considerados prioridades durante audi\u00eancia p\u00fablica\n<\/a><\/div><div style=\"display:flex; flex-direction:column; gap:5px; width: 250px;font-size: 14px; text-align: center\"><a href=\"https:\/\/www.mpal.mp.br\/pga-2020-2022-combate-a-corrupcao-e-defesa-do-meio-ambiente-e-da-educacao-de-qualidade-foram-os-temas-mais-discutidos-audiencia-publica-em-santana\/\"><img decoding=\"async\" src=\"https:\/\/sistemas.mpal.mp.br\/planejamento\/wp-content\/uploads\/2022\/04\/Audiencia-Publica-2.jpg\" width=\"248px\">PGA 2020-2022: combate \u00e0 corrup\u00e7\u00e3o e defesa do meio ambiente e da educa\u00e7\u00e3o de qualidade foram os temas mais discutidos audi\u00eancia p\u00fablica em Santana<\/a><\/div><div style=\"display:flex; flex-direction:column; gap:5px; width: 250px;font-size: 14px; text-align: center\"><a href=\"https:\/\/www.mpal.mp.br\/combate-a-corrupcao-protecao-a-saude-e-defesa-dos-direitos-humanos-foram-os-temas-que-dominaram-a-audiencia-publica-promovida-pelo-ministe\"><img decoding=\"async\" src=\"https:\/\/sistemas.mpal.mp.br\/planejamento\/wp-content\/uploads\/2022\/04\/Audi\u00eancia-P\u00fablica-1200x950-4.jpeg\" width=\"248px\">Combate \u00e0 corrup\u00e7\u00e3o, prote\u00e7\u00e3o \u00e0 sa\u00fade e defesa dos direitos humanos foram os temas que dominaram a audi\u00eancia p\u00fablica promovida pelo Minist\u00e9rio P\u00fablico<\/a><\/div><div style=\"display:flex; flex-direction:column; gap:5px; width: 250px;font-size: 14px; text-align: center\"><a href=\"https:\/\/www.mpal.mp.br\/mpe-al-prepara-plano-de-atuacao-e-promovera-audiencias-publicas-para-ouvir-populacao-sobre-demandas-sociais\/\"><img decoding=\"async\" src=\"https:\/\/sistemas.mpal.mp.br\/planejamento\/wp-content\/uploads\/2022\/04\/Banner-Audi\u00eancia-P\u00fablica-Asplage-Macei\u00f3-1-1200x950-2.jpg\" width=\"248px\">MPE\/AL prepara plano de atua\u00e7\u00e3o e promover\u00e1 audi\u00eancias p\u00fablicas para ouvir popula\u00e7\u00e3o sobre demandas sociais\n<\/a><\/div><\/div>\n\n\n\n<div class=\"is-layout-flow wp-block-group\"><div class=\"wp-block-group__inner-container\"><\/div><\/div>\n\n\n\n<div class=\"is-layout-flow wp-block-group alignwide\"><div class=\"wp-block-group__inner-container\"><\/div><\/div>\n\n\n\n<p><\/p>\n","protected":false},"excerpt":{"rendered":"<p>O Minist\u00e9rio P\u00fablico do Estado de Alagoas j\u00e1 tem o seu Plano Geral de Atua\u00e7\u00e3o (PGA) e para constru\u00ed-lo, resolveu ouvir a popula\u00e7\u00e3o, de modo que cada cidad\u00e3o pudesse sugerir quais seriam as demandas sociais mais importantes e que precisavam<\/p>\n","protected":false},"author":3,"featured_media":0,"parent":0,"menu_order":0,"comment_status":"closed","ping_status":"closed","template":"","meta":[],"_links":{"self":[{"href":"https:\/\/sistemas.mpal.mp.br\/planejamento\/index.php?rest_route=\/wp\/v2\/pages\/351"}],"collection":[{"href":"https:\/\/sistemas.mpal.mp.br\/planejamento\/index.php?rest_route=\/wp\/v2\/pages"}],"about":[{"href":"https:\/\/sistemas.mpal.mp.br\/planejamento\/index.php?rest_route=\/wp\/v2\/types\/page"}],"author":[{"embeddable":true,"href":"https:\/\/sistemas.mpal.mp.br\/planejamento\/index.php?rest_route=\/wp\/v2\/users\/3"}],"replies":[{"embeddable":true,"href":"https:\/\/sistemas.mpal.mp.br\/planejamento\/index.php?rest_route=%2Fwp%2Fv2%2Fcomments&post=351"}],"version-history":[{"count":19,"href":"https:\/\/sistemas.mpal.mp.br\/planejamento\/index.php?rest_route=\/wp\/v2\/pages\/351\/revisions"}],"predecessor-version":[{"id":434,"href":"https:\/\/sistemas.mpal.mp.br\/planejamento\/index.php?rest_route=\/wp\/v2\/pages\/351\/revisions\/434"}],"wp:attachment":[{"href":"https:\/\/sistemas.mpal.mp.br\/planejamento\/index.php?rest_route=%2Fwp%2Fv2%2Fmedia&parent=351"}],"curies":[{"name":"wp","href":"https:\/\/api.w.org\/{rel}","templated":true}]}}