{"id":347,"date":"2022-03-30T08:25:47","date_gmt":"2022-03-30T11:25:47","guid":{"rendered":"https:\/\/sistemas.mpal.mp.br\/planejamento\/?page_id=347"},"modified":"2022-04-01T09:25:14","modified_gmt":"2022-04-01T12:25:14","slug":"apresentacao","status":"publish","type":"page","link":"https:\/\/sistemas.mpal.mp.br\/planejamento\/?page_id=347","title":{"rendered":"Apresenta\u00e7\u00e3o"},"content":{"rendered":"\n<p>O Planejamento Estrat\u00e9gico do Minist\u00e9rio P\u00fablico do Estado de Alagoas foi criado para fortalecer a atua\u00e7\u00e3o da unidade ministerial em todo o territ\u00f3rio alagoano, a partir da constru\u00e7\u00e3o de uma agenda estrat\u00e9gica capaz de alinhar e p\u00f4r em pr\u00e1tica os valores, a miss\u00e3o e a vis\u00e3o do MP brasileiro, com foco na melhoria dos servi\u00e7os prestados \u00e0 sociedade, principal destinat\u00e1ria do trabalho desenvolvido por membros e servidores. <\/p>\n\n\n\n<p>Respeitando as autonomias e a independ\u00eancia funcional de promotores e procuradores de Justi\u00e7a, esse plano busca definir diretrizes convergentes que possam contribuir para a maior efici\u00eancia do Minist\u00e9rio P\u00fablico em todas as suas \u00e1reas de atua\u00e7\u00e3o, a exemplo do enfrentamento \u00e0 corrup\u00e7\u00e3o e aos crimes comuns, na defesa da vida e dos direitos sociais e na salvaguarda da lei. <\/p>\n\n\n\n<p>Tal planejamento ocorre seguindo diversas etapas, que passam pela prepara\u00e7\u00e3o, consulta p\u00fablica ao cidad\u00e3o, elabora\u00e7\u00e3o dos eixos tem\u00e1ticos, confec\u00e7\u00e3o do plano e, por fim, o seu lan\u00e7amento com a devida apresenta\u00e7\u00e3o dos resultados e a posterior execu\u00e7\u00e3o. <\/p>\n\n\n\n<p>Em fevereiro de 2022, o Minist\u00e9rio P\u00fablico&nbsp;do Estado&nbsp;de Alagoas aderiu ao Mapa Estrat\u00e9gico Nacional do Minist\u00e9rio P\u00fablico 2020\/2029 por meio da assinatura de um conv\u00eanio junto a Comiss\u00e3o de Planejamento Estrat\u00e9gico do Conselho Nacional do Minist\u00e9rio P\u00fablico (CPE\/CNMP). Dentre outras coisas, a parceria visa auxiliar o MPAL na constru\u00e7\u00e3o do seu novo planejamento estrat\u00e9gico para os pr\u00f3ximos seis anos.<\/p>\n","protected":false},"excerpt":{"rendered":"<p>O Planejamento Estrat\u00e9gico do Minist\u00e9rio P\u00fablico do Estado de Alagoas foi criado para fortalecer a atua\u00e7\u00e3o da unidade ministerial em todo o territ\u00f3rio alagoano, a partir da constru\u00e7\u00e3o de uma agenda estrat\u00e9gica capaz de alinhar e p\u00f4r em pr\u00e1tica os<\/p>\n","protected":false},"author":3,"featured_media":0,"parent":0,"menu_order":0,"comment_status":"closed","ping_status":"closed","template":"","meta":[],"_links":{"self":[{"href":"https:\/\/sistemas.mpal.mp.br\/planejamento\/index.php?rest_route=\/wp\/v2\/pages\/347"}],"collection":[{"href":"https:\/\/sistemas.mpal.mp.br\/planejamento\/index.php?rest_route=\/wp\/v2\/pages"}],"about":[{"href":"https:\/\/sistemas.mpal.mp.br\/planejamento\/index.php?rest_route=\/wp\/v2\/types\/page"}],"author":[{"embeddable":true,"href":"https:\/\/sistemas.mpal.mp.br\/planejamento\/index.php?rest_route=\/wp\/v2\/users\/3"}],"replies":[{"embeddable":true,"href":"https:\/\/sistemas.mpal.mp.br\/planejamento\/index.php?rest_route=%2Fwp%2Fv2%2Fcomments&post=347"}],"version-history":[{"count":5,"href":"https:\/\/sistemas.mpal.mp.br\/planejamento\/index.php?rest_route=\/wp\/v2\/pages\/347\/revisions"}],"predecessor-version":[{"id":382,"href":"https:\/\/sistemas.mpal.mp.br\/planejamento\/index.php?rest_route=\/wp\/v2\/pages\/347\/revisions\/382"}],"wp:attachment":[{"href":"https:\/\/sistemas.mpal.mp.br\/planejamento\/index.php?rest_route=%2Fwp%2Fv2%2Fmedia&parent=347"}],"curies":[{"name":"wp","href":"https:\/\/api.w.org\/{rel}","templated":true}]}}